{"id":11,"date":"2017-12-15T12:59:21","date_gmt":"2017-12-15T12:59:21","guid":{"rendered":"http:\/\/ingridthulin.se\/?page_id=11"},"modified":"2017-12-15T12:59:21","modified_gmt":"2017-12-15T12:59:21","slug":"om-ingrid","status":"publish","type":"page","link":"http:\/\/ingridthulin.se\/?page_id=11","title":{"rendered":"Om Ingrid"},"content":{"rendered":"<p>Jag heter Ingrid Thulin och \u00e4r 34 \u00e5r gammal. Jag brinner f\u00f6r fridrott, inredning och min ATV. Jag \u00e4r en aktiv m\u00e4nniska som gillar att vara ute i naturen, att f\u00e5 r\u00f6ra p\u00e5 mig \u00e4r det b\u00e4sta jag vet och d\u00e4rf\u00f6r kommer jag att blogga en hel del om sport, natur och naturligtvis lite atv och fordon blir det ocks\u00e5. Jag hoppas att ni kommer att uppskatta mina inl\u00e4gg och vill ni kontakta mig s\u00e5 mejla g\u00e4rna till <a href=\"mailto:lillaingrid@hotmail.com\">lillaingrid@hotmail.com<\/a><\/p>\n<p>Ha det b\u00e4st!<\/p>\n","protected":false},"excerpt":{"rendered":"<p>Jag heter Ingrid Thulin och \u00e4r 34 \u00e5r gammal. Jag brinner f\u00f6r fridrott, inredning och min ATV. Jag \u00e4r en aktiv m\u00e4nniska som gillar att vara ute i naturen, att f\u00e5 r\u00f6ra p\u00e5 mig \u00e4r det b\u00e4sta jag vet och d\u00e4rf\u00f6r kommer jag att blogga en hel del om sport, natur och naturligtvis lite atv [&hellip;]<\/p>\n","protected":false},"author":1,"featured_media":0,"parent":0,"menu_order":0,"comment_status":"closed","ping_status":"closed","template":"","meta":[],"_links":{"self":[{"href":"http:\/\/ingridthulin.se\/index.php?rest_route=\/wp\/v2\/pages\/11"}],"collection":[{"href":"http:\/\/ingridthulin.se\/index.php?rest_route=\/wp\/v2\/pages"}],"about":[{"href":"http:\/\/ingridthulin.se\/index.php?rest_route=\/wp\/v2\/types\/page"}],"author":[{"embeddable":true,"href":"http:\/\/ingridthulin.se\/index.php?rest_route=\/wp\/v2\/users\/1"}],"replies":[{"embeddable":true,"href":"http:\/\/ingridthulin.se\/index.php?rest_route=%2Fwp%2Fv2%2Fcomments&post=11"}],"version-history":[{"count":1,"href":"http:\/\/ingridthulin.se\/index.php?rest_route=\/wp\/v2\/pages\/11\/revisions"}],"predecessor-version":[{"id":12,"href":"http:\/\/ingridthulin.se\/index.php?rest_route=\/wp\/v2\/pages\/11\/revisions\/12"}],"wp:attachment":[{"href":"http:\/\/ingridthulin.se\/index.php?rest_route=%2Fwp%2Fv2%2Fmedia&parent=11"}],"curies":[{"name":"wp","href":"https:\/\/api.w.org\/{rel}","templated":true}]}}